{"id":79,"date":"2020-01-04T16:30:07","date_gmt":"2020-01-04T15:30:07","guid":{"rendered":"https:\/\/www.kik-kunstinderklinik.de\/KIK\/?page_id=79"},"modified":"2024-08-03T07:18:58","modified_gmt":"2024-08-03T05:18:58","slug":"nadine-kofler","status":"publish","type":"page","link":"https:\/\/kik-kunstinderklinik.de\/?page_id=79","title":{"rendered":"Nadine Kofler"},"content":{"rendered":"\n<p><\/p>\n\n\n\n<p>Ich bin 1983 in Hamburg geboren. Meine Technik: alles was Spa\u00df macht; Papier, Tinte und&nbsp; Farben erz\u00e4hlen mehr Geschichten, als es das gesprochene Wort jemals k\u00f6nnte. Jeder Kuss der Muse bedeutet den Anfang zu etwas Neuem und die R\u00fcckkehr in die Welt, in die ich geh\u00f6re. Ich bin seit 2015 bei KIK. <\/p>\n\n\n\n<div class=\"wp-block-responsive-lightbox-gallery\"><div class=\"rl-gallery-container rl-loading\" id=\"rl-gallery-container-1\" data-gallery_id=\"614\"> <div class=\"rl-gallery rl-basicgrid-gallery \" id=\"rl-gallery-1\" data-gallery_no=\"1\"> <div class=\"rl-gallery-item\"><a href=\"https:\/\/kik-kunstinderklinik.de\/wp-content\/uploads\/2024\/08\/nadine_2024_08_20.jpg\" title=\"\" data-rl_title=\"\" class=\"rl-gallery-link\" data-rl_caption=\"\" data-rel=\"lightbox-gallery-1\"><img loading=\"lazy\" decoding=\"async\" src=\"https:\/\/kik-kunstinderklinik.de\/wp-content\/uploads\/2024\/08\/nadine_2024_08_20-228x300.jpg\" width=\"228\" height=\"300\" alt=\"\" \/><\/a><\/div><div class=\"rl-gallery-item\"><a href=\"https:\/\/kik-kunstinderklinik.de\/wp-content\/uploads\/2024\/08\/nadine_2024_08_19-rotated.jpg\" title=\"\" data-rl_title=\"\" class=\"rl-gallery-link\" data-rl_caption=\"\" data-rel=\"lightbox-gallery-1\"><img loading=\"lazy\" decoding=\"async\" src=\"https:\/\/kik-kunstinderklinik.de\/wp-content\/uploads\/2024\/08\/nadine_2024_08_19-225x300.jpg\" width=\"225\" height=\"300\" alt=\"\" \/><\/a><\/div><div class=\"rl-gallery-item\"><a href=\"https:\/\/kik-kunstinderklinik.de\/wp-content\/uploads\/2024\/08\/nadine_2024_08_18.jpg\" title=\"\" data-rl_title=\"\" class=\"rl-gallery-link\" data-rl_caption=\"\" data-rel=\"lightbox-gallery-1\"><img loading=\"lazy\" decoding=\"async\" src=\"https:\/\/kik-kunstinderklinik.de\/wp-content\/uploads\/2024\/08\/nadine_2024_08_18-298x300.jpg\" width=\"298\" height=\"300\" alt=\"\" \/><\/a><\/div><div class=\"rl-gallery-item\"><a href=\"https:\/\/kik-kunstinderklinik.de\/wp-content\/uploads\/2024\/08\/nadine_2024_08_17-rotated.jpg\" title=\"\" data-rl_title=\"\" class=\"rl-gallery-link\" data-rl_caption=\"\" data-rel=\"lightbox-gallery-1\"><img loading=\"lazy\" decoding=\"async\" src=\"https:\/\/kik-kunstinderklinik.de\/wp-content\/uploads\/2024\/08\/nadine_2024_08_17-225x300.jpg\" width=\"225\" height=\"300\" alt=\"\" \/><\/a><\/div><div class=\"rl-gallery-item\"><a href=\"https:\/\/kik-kunstinderklinik.de\/wp-content\/uploads\/2024\/08\/nadine_2024_08_16.jpg\" title=\"\" data-rl_title=\"\" class=\"rl-gallery-link\" data-rl_caption=\"\" data-rel=\"lightbox-gallery-1\"><img loading=\"lazy\" decoding=\"async\" src=\"https:\/\/kik-kunstinderklinik.de\/wp-content\/uploads\/2024\/08\/nadine_2024_08_16-250x300.jpg\" width=\"250\" height=\"300\" alt=\"\" \/><\/a><\/div><div class=\"rl-gallery-item\"><a href=\"https:\/\/kik-kunstinderklinik.de\/wp-content\/uploads\/2024\/08\/nadine_2024_08_15.jpg\" title=\"\" data-rl_title=\"\" class=\"rl-gallery-link\" data-rl_caption=\"\" data-rel=\"lightbox-gallery-1\"><img loading=\"lazy\" decoding=\"async\" src=\"https:\/\/kik-kunstinderklinik.de\/wp-content\/uploads\/2024\/08\/nadine_2024_08_15-300x238.jpg\" width=\"300\" height=\"238\" alt=\"\" \/><\/a><\/div><div class=\"rl-gallery-item\"><a href=\"https:\/\/kik-kunstinderklinik.de\/wp-content\/uploads\/2024\/08\/nadine_2024_08_14.jpg\" title=\"\" data-rl_title=\"\" class=\"rl-gallery-link\" data-rl_caption=\"\" data-rel=\"lightbox-gallery-1\"><img loading=\"lazy\" decoding=\"async\" src=\"https:\/\/kik-kunstinderklinik.de\/wp-content\/uploads\/2024\/08\/nadine_2024_08_14-300x243.jpg\" width=\"300\" height=\"243\" alt=\"\" \/><\/a><\/div><div class=\"rl-gallery-item\"><a href=\"https:\/\/kik-kunstinderklinik.de\/wp-content\/uploads\/2024\/08\/nadine_2024_08_13.jpg\" title=\"\" data-rl_title=\"\" class=\"rl-gallery-link\" data-rl_caption=\"\" data-rel=\"lightbox-gallery-1\"><img loading=\"lazy\" decoding=\"async\" src=\"https:\/\/kik-kunstinderklinik.de\/wp-content\/uploads\/2024\/08\/nadine_2024_08_13-300x238.jpg\" width=\"300\" height=\"238\" alt=\"\" \/><\/a><\/div><div class=\"rl-gallery-item\"><a href=\"https:\/\/kik-kunstinderklinik.de\/wp-content\/uploads\/2024\/08\/nadine_2024_08_12.jpg\" title=\"\" data-rl_title=\"\" class=\"rl-gallery-link\" data-rl_caption=\"\" data-rel=\"lightbox-gallery-1\"><img loading=\"lazy\" decoding=\"async\" src=\"https:\/\/kik-kunstinderklinik.de\/wp-content\/uploads\/2024\/08\/nadine_2024_08_12-254x300.jpg\" width=\"254\" height=\"300\" alt=\"\" \/><\/a><\/div><div class=\"rl-gallery-item\"><a href=\"https:\/\/kik-kunstinderklinik.de\/wp-content\/uploads\/2024\/08\/nadine_2024_08_11.jpg\" title=\"\" data-rl_title=\"\" class=\"rl-gallery-link\" data-rl_caption=\"\" data-rel=\"lightbox-gallery-1\"><img loading=\"lazy\" decoding=\"async\" src=\"https:\/\/kik-kunstinderklinik.de\/wp-content\/uploads\/2024\/08\/nadine_2024_08_11-300x297.jpg\" width=\"300\" height=\"297\" alt=\"\" \/><\/a><\/div><div class=\"rl-gallery-item\"><a href=\"https:\/\/kik-kunstinderklinik.de\/wp-content\/uploads\/2024\/08\/nadine_2024_08_10.jpg\" title=\"\" data-rl_title=\"\" class=\"rl-gallery-link\" data-rl_caption=\"\" data-rel=\"lightbox-gallery-1\"><img loading=\"lazy\" decoding=\"async\" src=\"https:\/\/kik-kunstinderklinik.de\/wp-content\/uploads\/2024\/08\/nadine_2024_08_10-297x300.jpg\" width=\"297\" height=\"300\" alt=\"\" \/><\/a><\/div><div class=\"rl-gallery-item\"><a href=\"https:\/\/kik-kunstinderklinik.de\/wp-content\/uploads\/2024\/08\/nadine_2024_08_09.jpg\" title=\"\" data-rl_title=\"\" class=\"rl-gallery-link\" data-rl_caption=\"\" data-rel=\"lightbox-gallery-1\"><img loading=\"lazy\" decoding=\"async\" src=\"https:\/\/kik-kunstinderklinik.de\/wp-content\/uploads\/2024\/08\/nadine_2024_08_09-298x300.jpg\" width=\"298\" height=\"300\" alt=\"\" \/><\/a><\/div><div class=\"rl-gallery-item\"><a href=\"https:\/\/kik-kunstinderklinik.de\/wp-content\/uploads\/2024\/08\/nadine_2024_08_07.jpg\" title=\"\" data-rl_title=\"\" class=\"rl-gallery-link\" data-rl_caption=\"\" data-rel=\"lightbox-gallery-1\"><img loading=\"lazy\" decoding=\"async\" src=\"https:\/\/kik-kunstinderklinik.de\/wp-content\/uploads\/2024\/08\/nadine_2024_08_07-197x300.jpg\" width=\"197\" height=\"300\" alt=\"\" \/><\/a><\/div><div class=\"rl-gallery-item\"><a href=\"https:\/\/kik-kunstinderklinik.de\/wp-content\/uploads\/2024\/08\/nadine_2024_08_06.jpg\" title=\"\" data-rl_title=\"\" class=\"rl-gallery-link\" data-rl_caption=\"\" data-rel=\"lightbox-gallery-1\"><img loading=\"lazy\" decoding=\"async\" src=\"https:\/\/kik-kunstinderklinik.de\/wp-content\/uploads\/2024\/08\/nadine_2024_08_06-228x300.jpg\" width=\"228\" height=\"300\" alt=\"\" \/><\/a><\/div><div class=\"rl-gallery-item\"><a href=\"https:\/\/kik-kunstinderklinik.de\/wp-content\/uploads\/2024\/08\/nadine_2024_08_05.jpg\" title=\"\" data-rl_title=\"\" class=\"rl-gallery-link\" data-rl_caption=\"\" data-rel=\"lightbox-gallery-1\"><img loading=\"lazy\" decoding=\"async\" src=\"https:\/\/kik-kunstinderklinik.de\/wp-content\/uploads\/2024\/08\/nadine_2024_08_05-254x300.jpg\" width=\"254\" height=\"300\" alt=\"\" \/><\/a><\/div><div class=\"rl-gallery-item\"><a href=\"https:\/\/kik-kunstinderklinik.de\/wp-content\/uploads\/2024\/08\/nadine_2024_08_03-rotated.jpg\" title=\"\" data-rl_title=\"\" class=\"rl-gallery-link\" data-rl_caption=\"\" data-rel=\"lightbox-gallery-1\"><img loading=\"lazy\" decoding=\"async\" src=\"https:\/\/kik-kunstinderklinik.de\/wp-content\/uploads\/2024\/08\/nadine_2024_08_03-225x300.jpg\" width=\"225\" height=\"300\" alt=\"\" \/><\/a><\/div><div class=\"rl-gallery-item\"><a href=\"https:\/\/kik-kunstinderklinik.de\/wp-content\/uploads\/2024\/08\/nadine_2024_08_02-rotated.jpg\" title=\"\" data-rl_title=\"\" class=\"rl-gallery-link\" data-rl_caption=\"\" data-rel=\"lightbox-gallery-1\"><img loading=\"lazy\" decoding=\"async\" src=\"https:\/\/kik-kunstinderklinik.de\/wp-content\/uploads\/2024\/08\/nadine_2024_08_02-225x300.jpg\" width=\"225\" height=\"300\" alt=\"\" \/><\/a><\/div><div class=\"rl-gallery-item\"><a href=\"https:\/\/kik-kunstinderklinik.de\/wp-content\/uploads\/2024\/08\/nadine_2024_08_01-rotated.jpg\" title=\"\" data-rl_title=\"\" class=\"rl-gallery-link\" data-rl_caption=\"\" data-rel=\"lightbox-gallery-1\"><img loading=\"lazy\" decoding=\"async\" src=\"https:\/\/kik-kunstinderklinik.de\/wp-content\/uploads\/2024\/08\/nadine_2024_08_01-225x300.jpg\" width=\"225\" height=\"300\" alt=\"\" \/><\/a><\/div><div class=\"rl-gallery-item\"><a href=\"https:\/\/kik-kunstinderklinik.de\/wp-content\/uploads\/2024\/08\/nadine_2024_08_04.jpg\" title=\"\" data-rl_title=\"\" class=\"rl-gallery-link\" data-rl_caption=\"\" data-rel=\"lightbox-gallery-1\"><img loading=\"lazy\" decoding=\"async\" src=\"https:\/\/kik-kunstinderklinik.de\/wp-content\/uploads\/2024\/08\/nadine_2024_08_04-300x230.jpg\" width=\"300\" height=\"230\" alt=\"\" \/><\/a><\/div><div class=\"rl-gallery-item\"><a href=\"https:\/\/kik-kunstinderklinik.de\/wp-content\/uploads\/2024\/08\/nadine_2024_08_08.jpg\" title=\"\" data-rl_title=\"\" class=\"rl-gallery-link\" data-rl_caption=\"\" data-rel=\"lightbox-gallery-1\"><img loading=\"lazy\" decoding=\"async\" src=\"https:\/\/kik-kunstinderklinik.de\/wp-content\/uploads\/2024\/08\/nadine_2024_08_08-300x228.jpg\" width=\"300\" height=\"228\" alt=\"\" \/><\/a><\/div> <\/div> <\/div><\/div>\n","protected":false},"excerpt":{"rendered":"<p>Ich bin 1983 in Hamburg geboren. Meine Technik: alles was Spa\u00df macht; Papier, Tinte und&nbsp; Farben erz\u00e4hlen mehr Geschichten, als es das gesprochene Wort jemals k\u00f6nnte. Jeder Kuss der Muse bedeutet den Anfang zu etwas Neuem und die R\u00fcckkehr in die Welt, in die ich geh\u00f6re. Ich bin seit 2015 [&hellip;]<\/p>\n","protected":false},"author":1,"featured_media":0,"parent":7,"menu_order":0,"comment_status":"closed","ping_status":"closed","template":"","meta":{"footnotes":""},"class_list":["post-79","page","type-page","status-publish","hentry"],"_links":{"self":[{"href":"https:\/\/kik-kunstinderklinik.de\/index.php?rest_route=\/wp\/v2\/pages\/79","targetHints":{"allow":["GET"]}}],"collection":[{"href":"https:\/\/kik-kunstinderklinik.de\/index.php?rest_route=\/wp\/v2\/pages"}],"about":[{"href":"https:\/\/kik-kunstinderklinik.de\/index.php?rest_route=\/wp\/v2\/types\/page"}],"author":[{"embeddable":true,"href":"https:\/\/kik-kunstinderklinik.de\/index.php?rest_route=\/wp\/v2\/users\/1"}],"replies":[{"embeddable":true,"href":"https:\/\/kik-kunstinderklinik.de\/index.php?rest_route=%2Fwp%2Fv2%2Fcomments&post=79"}],"version-history":[{"count":7,"href":"https:\/\/kik-kunstinderklinik.de\/index.php?rest_route=\/wp\/v2\/pages\/79\/revisions"}],"predecessor-version":[{"id":1554,"href":"https:\/\/kik-kunstinderklinik.de\/index.php?rest_route=\/wp\/v2\/pages\/79\/revisions\/1554"}],"up":[{"embeddable":true,"href":"https:\/\/kik-kunstinderklinik.de\/index.php?rest_route=\/wp\/v2\/pages\/7"}],"wp:attachment":[{"href":"https:\/\/kik-kunstinderklinik.de\/index.php?rest_route=%2Fwp%2Fv2%2Fmedia&parent=79"}],"curies":[{"name":"wp","href":"https:\/\/api.w.org\/{rel}","templated":true}]}}