{"id":718,"date":"2020-01-31T22:10:53","date_gmt":"2020-01-31T21:10:53","guid":{"rendered":"https:\/\/www.kik-kunstinderklinik.de\/KIK\/?page_id=718"},"modified":"2024-05-29T18:51:51","modified_gmt":"2024-05-29T16:51:51","slug":"unsere-sponsoren","status":"publish","type":"page","link":"https:\/\/kik-kunstinderklinik.de\/?page_id=718","title":{"rendered":"Unsere Sponsoren"},"content":{"rendered":"\n<figure class=\"wp-block-table\"><table class=\"has-fixed-layout\"><tbody><tr><td><a href=\"https:\/\/www.asklepios.com\/hamburg\/nord\/\" target=\"_blank\" rel=\"noreferrer noopener\" aria-label=\"\ufffc (\u00f6ffnet in neuem Tab)\"><img loading=\"lazy\" decoding=\"async\" width=\"150\" height=\"27\" class=\"wp-image-768\" style=\"width: 150px;\" src=\"https:\/\/kik-kunstinderklinik.de\/wp-content\/uploads\/2020\/03\/asklepius.png\" alt=\"\" srcset=\"https:\/\/kik-kunstinderklinik.de\/wp-content\/uploads\/2020\/03\/asklepius.png 531w, https:\/\/kik-kunstinderklinik.de\/wp-content\/uploads\/2020\/03\/asklepius-300x54.png 300w\" sizes=\"auto, (max-width: 150px) 100vw, 150px\" \/><\/a><\/td><td><strong>Asklepios &#8211; Klinik Nord<\/strong><br>Die Asklepios Klinik Nord Ochsenzoll stellt uns unsere R\u00e4ume und Sabine Sch\u00f6nleiter vom sozialp\u00e4dagogischen Fachdienst der Klinik vertritt unsere Anliegen der Klinik und der \u00d6ffentlichkeit gegen\u00fcber.<\/td><\/tr><tr><td><a href=\"https:\/\/www.reichow-stiftung.de\/\" target=\"_blank\" rel=\"noreferrer noopener\" aria-label=\"\ufffc (\u00f6ffnet in neuem Tab)\"><img loading=\"lazy\" decoding=\"async\" width=\"150\" height=\"81\" class=\"wp-image-532\" style=\"width: 150px;\" src=\"https:\/\/kik-kunstinderklinik.de\/wp-content\/uploads\/2020\/01\/43478-1.jpg\" alt=\"\"><\/a><\/td><td><strong>Reichowstiftung<\/strong><br>Die Christiane und Dirk Reichow-Stiftung zur F\u00f6rderung der bildenden Kunst bezahlt seit vielen Jahren unsere k\u00fcnstlerische Leitungskraft<\/td><\/tr><tr><td><br><a aria-label=\"\ufffc (\u00f6ffnet in neuem Tab)\" href=\"https:\/\/senpart.de\/index.php\/haus-billetal\" target=\"_blank\" rel=\"noreferrer noopener\"><img loading=\"lazy\" decoding=\"async\" width=\"150\" height=\"137\" class=\"wp-image-535\" style=\"width: 150px;\" src=\"https:\/\/kik-kunstinderklinik.de\/wp-content\/uploads\/2020\/01\/43482-1.jpg\" alt=\"\"><\/a> <\/td><td><strong>Seniorenpartner Haus am See\/ Haus Billetal<\/strong><br>Herr Schulz, finanziert schon seit vielen Jahren zuverl\u00e4ssig den Druck unseres KIK Kunstkalenders<\/td><\/tr><\/tbody><\/table><\/figure>\n\n\n\n<p><\/p>\n","protected":false},"excerpt":{"rendered":"<p>Asklepios &#8211; Klinik NordDie Asklepios Klinik Nord Ochsenzoll stellt uns unsere R\u00e4ume und Sabine Sch\u00f6nleiter vom sozialp\u00e4dagogischen Fachdienst der Klinik vertritt unsere Anliegen der Klinik und der \u00d6ffentlichkeit gegen\u00fcber. ReichowstiftungDie Christiane und Dirk Reichow-Stiftung zur F\u00f6rderung der bildenden Kunst bezahlt seit vielen Jahren unsere k\u00fcnstlerische Leitungskraft Seniorenpartner Haus am See\/ [&hellip;]<\/p>\n","protected":false},"author":1,"featured_media":0,"parent":55,"menu_order":0,"comment_status":"closed","ping_status":"closed","template":"","meta":{"footnotes":""},"class_list":["post-718","page","type-page","status-publish","hentry"],"_links":{"self":[{"href":"https:\/\/kik-kunstinderklinik.de\/index.php?rest_route=\/wp\/v2\/pages\/718","targetHints":{"allow":["GET"]}}],"collection":[{"href":"https:\/\/kik-kunstinderklinik.de\/index.php?rest_route=\/wp\/v2\/pages"}],"about":[{"href":"https:\/\/kik-kunstinderklinik.de\/index.php?rest_route=\/wp\/v2\/types\/page"}],"author":[{"embeddable":true,"href":"https:\/\/kik-kunstinderklinik.de\/index.php?rest_route=\/wp\/v2\/users\/1"}],"replies":[{"embeddable":true,"href":"https:\/\/kik-kunstinderklinik.de\/index.php?rest_route=%2Fwp%2Fv2%2Fcomments&post=718"}],"version-history":[{"count":33,"href":"https:\/\/kik-kunstinderklinik.de\/index.php?rest_route=\/wp\/v2\/pages\/718\/revisions"}],"predecessor-version":[{"id":1450,"href":"https:\/\/kik-kunstinderklinik.de\/index.php?rest_route=\/wp\/v2\/pages\/718\/revisions\/1450"}],"up":[{"embeddable":true,"href":"https:\/\/kik-kunstinderklinik.de\/index.php?rest_route=\/wp\/v2\/pages\/55"}],"wp:attachment":[{"href":"https:\/\/kik-kunstinderklinik.de\/index.php?rest_route=%2Fwp%2Fv2%2Fmedia&parent=718"}],"curies":[{"name":"wp","href":"https:\/\/api.w.org\/{rel}","templated":true}]}}