{"id":58,"date":"2020-01-04T16:09:26","date_gmt":"2020-01-04T15:09:26","guid":{"rendered":"https:\/\/www.kik-kunstinderklinik.de\/KIK\/?page_id=58"},"modified":"2024-05-23T15:31:20","modified_gmt":"2024-05-23T13:31:20","slug":"unsere-geschichte","status":"publish","type":"page","link":"https:\/\/kik-kunstinderklinik.de\/?page_id=58","title":{"rendered":"Unsere Geschichte"},"content":{"rendered":"<div class=\"wp-block-image\">\n<figure class=\"alignright size-large\"><img loading=\"lazy\" decoding=\"async\" width=\"112\" height=\"110\" src=\"https:\/\/kik-kunstinderklinik.de\/wp-content\/uploads\/2020\/03\/21199.png\" alt=\"Manfred Voepel\" class=\"wp-image-759\"\/><figcaption class=\"wp-element-caption\">Manfred Voepel<\/figcaption><\/figure>\n<\/div>\n\n\n<p>W\u00e4hrend des Weltpsychiatriekongresses von 1998 fanden sich K\u00fcnstler in den R\u00e4umen des damaligen  Allgemeinen Krankenhauses Ochsenzoll zusammen und es entstand der Wunsch, nicht nur gemeinsam auszustellen, sondern auch den Prozess des Malens und Gestaltens gemeinsam zu erleben.   <\/p>\n\n\n\n<p>Unter der Leitung von Horst Thalmeier und Manfred Voepel gr\u00fcndete sich KIK Kunst im Krankenhaus. Seit 1999 treffen sich alle Aktiven unter k\u00fcnstlerischer Leitung zum gemeinsamen Malen, Rahmen, Passepartoutschneiden, Etikettieren und weiterer Vorbereitungen z.B. f\u00fcr Ausstellungen, zum Gespr\u00e4ch und zur Motivation, denn alleine w\u00e4ren viele K\u00fcnstler mit diesen Dingen \u00fcberfordert. Die Asklepios Klinik Nord stellt uns seitdem daf\u00fcr kostenlos R\u00e4umlichkeiten zur Verf\u00fcgung. Im Jahr 2006 wurde KIK im Rahmen von Startsocial, eines bundesweiten Wettbewerbs sozialer Projekte, der unter der Schirmherrschaft der damaligen Bundeskanzlerin steht, mit dem Pr\u00e4dikat Bundesauswahl pr\u00e4miert.<\/p>\n\n\n\n<p>In den 25 Jahren des Bestehens von KIK gab es mittlerweile \u00fcber 120 bundesweite Ausstellungen, alleine oder gemeinsam mit anderen K\u00fcnstlergruppen. Viele Sponsoren haben die Gruppe auf ihrem Weg ideell und finanziell unterst\u00fctzt (das Hamburger Spendenparlament, KISS, die Firma Lilly Deutschland GmbH, die Hamburger Gr\u00fcnen \u2026um nur Einige zu nennen). Unsere aktuellen Sponsoren finden Sie unter dem Sponsoren-Button.<\/p>\n\n\n\n<p>2010 musste KIK ganz pl\u00f6tzlich auf die bis dahin unerm\u00fcdliche Unterst\u00fctzung von Manfred Voepel verzichten, der leider schwer erkrankte. In Sabine Sch\u00f6nleiter hat sich eine tatkr\u00e4ftige Nachfolgerin gefunden, die seitdem zun\u00e4chst \u00fcber mehr als 10 Jahre zusammen mit Sabine D\u00e4hnhardt und seit 2024 mit Kirsten Dressler, als k\u00fcnstlerischen Leiterinnen, der Gruppe Aufschwung, Halt und Motivation gibt.<\/p>\n\n\n\n<p>Seit 2013 ist KIK unter dem Namen KIK Kunst in der Klinik als nicht eingetragener Verein aktiv, verwaltet seine Finanzen selbst\u00e4ndig und kann auch Spendenquittungen ausstellen.<\/p>\n","protected":false},"excerpt":{"rendered":"<p>W\u00e4hrend des Weltpsychiatriekongresses von 1998 fanden sich K\u00fcnstler in den R\u00e4umen des damaligen Allgemeinen Krankenhauses Ochsenzoll zusammen und es entstand der Wunsch, nicht nur gemeinsam auszustellen, sondern auch den Prozess des Malens und Gestaltens gemeinsam zu erleben. Unter der Leitung von Horst Thalmeier und Manfred Voepel gr\u00fcndete sich KIK Kunst [&hellip;]<\/p>\n","protected":false},"author":1,"featured_media":0,"parent":55,"menu_order":0,"comment_status":"closed","ping_status":"closed","template":"","meta":{"footnotes":""},"class_list":["post-58","page","type-page","status-publish","hentry"],"_links":{"self":[{"href":"https:\/\/kik-kunstinderklinik.de\/index.php?rest_route=\/wp\/v2\/pages\/58","targetHints":{"allow":["GET"]}}],"collection":[{"href":"https:\/\/kik-kunstinderklinik.de\/index.php?rest_route=\/wp\/v2\/pages"}],"about":[{"href":"https:\/\/kik-kunstinderklinik.de\/index.php?rest_route=\/wp\/v2\/types\/page"}],"author":[{"embeddable":true,"href":"https:\/\/kik-kunstinderklinik.de\/index.php?rest_route=\/wp\/v2\/users\/1"}],"replies":[{"embeddable":true,"href":"https:\/\/kik-kunstinderklinik.de\/index.php?rest_route=%2Fwp%2Fv2%2Fcomments&post=58"}],"version-history":[{"count":10,"href":"https:\/\/kik-kunstinderklinik.de\/index.php?rest_route=\/wp\/v2\/pages\/58\/revisions"}],"predecessor-version":[{"id":1431,"href":"https:\/\/kik-kunstinderklinik.de\/index.php?rest_route=\/wp\/v2\/pages\/58\/revisions\/1431"}],"up":[{"embeddable":true,"href":"https:\/\/kik-kunstinderklinik.de\/index.php?rest_route=\/wp\/v2\/pages\/55"}],"wp:attachment":[{"href":"https:\/\/kik-kunstinderklinik.de\/index.php?rest_route=%2Fwp%2Fv2%2Fmedia&parent=58"}],"curies":[{"name":"wp","href":"https:\/\/api.w.org\/{rel}","templated":true}]}}