{"id":55,"date":"2020-01-04T16:09:01","date_gmt":"2020-01-04T15:09:01","guid":{"rendered":"https:\/\/www.kik-kunstinderklinik.de\/KIK\/?page_id=55"},"modified":"2026-03-13T06:18:22","modified_gmt":"2026-03-13T05:18:22","slug":"ueber-uns","status":"publish","type":"page","link":"https:\/\/kik-kunstinderklinik.de\/?page_id=55","title":{"rendered":"\u00dcber uns"},"content":{"rendered":"\n<p><strong>Kunst<\/strong><\/p>\n\n\n\n<figure class=\"wp-block-image is-resized\"><img loading=\"lazy\" decoding=\"async\" width=\"1024\" height=\"808\" src=\"https:\/\/kik-kunstinderklinik.de\/wp-content\/uploads\/2020\/05\/IMG_5733-1024x808.jpg\" alt=\"\" class=\"wp-image-998\" style=\"width:256px;height:202px\" srcset=\"https:\/\/kik-kunstinderklinik.de\/wp-content\/uploads\/2020\/05\/IMG_5733-1024x808.jpg 1024w, https:\/\/kik-kunstinderklinik.de\/wp-content\/uploads\/2020\/05\/IMG_5733-300x237.jpg 300w, https:\/\/kik-kunstinderklinik.de\/wp-content\/uploads\/2020\/05\/IMG_5733-768x606.jpg 768w, https:\/\/kik-kunstinderklinik.de\/wp-content\/uploads\/2020\/05\/IMG_5733-1536x1212.jpg 1536w, https:\/\/kik-kunstinderklinik.de\/wp-content\/uploads\/2020\/05\/IMG_5733-2048x1616.jpg 2048w\" sizes=\"auto, (max-width: 1024px) 100vw, 1024px\" \/><\/figure>\n\n\n\n<p><\/p>\n\n\n\n<p>Wir sind ungef\u00e4hr 25 Menschen unterschiedlichen Alters, Geschlechts, Nationalit\u00e4t und mit unterschiedlichen psychischen Erkrankungen. Die Kunst ist f\u00fcr uns das notwendige Ausdrucksmittel, um den Themen, die uns besch\u00e4ftigen, ein Gesicht, eine Farbe oder eine Form zu geben. In unseren Werken verarbeiten wir Emotionen, Tr\u00e4ume, Traumata und unsere pers\u00f6nlichen Wahrnehmungen der Realit\u00e4t.<\/p>\n\n\n\n<div style=\"height:20px\" aria-hidden=\"true\" class=\"wp-block-spacer\"><\/div>\n\n\n\n<figure class=\"wp-block-embed is-type-video is-provider-youtube wp-block-embed-youtube wp-embed-aspect-16-9 wp-has-aspect-ratio\"><div class=\"wp-block-embed__wrapper\">\n<iframe loading=\"lazy\" title=\"KiK-Kunst in der Klinik: Ein Imagefilm\" width=\"750\" height=\"422\" src=\"https:\/\/www.youtube.com\/embed\/440lTmn07wo?feature=oembed\" frameborder=\"0\" allow=\"accelerometer; autoplay; clipboard-write; encrypted-media; gyroscope; picture-in-picture; web-share\" referrerpolicy=\"strict-origin-when-cross-origin\" allowfullscreen><\/iframe>\n<\/div><figcaption class=\"wp-element-caption\">Imagefilm \u00fcber KIK &#8211; Kunst in der Klinik von Nikole Sergienko<\/figcaption><\/figure>\n\n\n\n<p><\/p>\n\n\n\n<p><strong>\u00d6ffentlichkeit<\/strong> <\/p>\n\n\n\n<p>Durch die positive Resonanz der \u00d6ffentlichkeit auf unsere Werke erfahren wir eine besondere Wertsch\u00e4tzung, f\u00fcr die wir sehr dankbar sind. Mit bisher \u00fcber 120 bundesweit \u00f6ffentlichen Ausstellungen m\u00f6chten wir einen Beitrag gegen die Stigmatisierung psychisch kranker K\u00fcnstler leisten und f\u00fcr ein neues Toleranzverst\u00e4ndnis werben.<\/p>\n\n\n\n<p><strong>Verkauf<\/strong> <strong>von Bildern<\/strong> <\/p>\n\n\n\n<p>Sehr freuen wir uns, wenn es uns gelingt, Bilder zu verkaufen, denn die meisten Bilder sind k\u00e4uflich zu erwerben. Bitte kontaktieren Sie uns, um die Preise zu erfahren. Beim Verkauf eines Werkes gehen 20 Prozent des Verkaufserl\u00f6ses in die Gruppenkasse. Das Geld wird zur Anschaffung neuen Materials verwendet. Wir verleihen unsere Bilder \u00fcbrigens auch.<\/p>\n\n\n\n<p><strong>Mitglieder<\/strong> <\/p>\n\n\n\n<p><a href=\"https:\/\/kik-kunstinderklinik.de\/?page_id=1990\">Neue Mitglieder sind herzlich willkommen, allerdings f\u00fchren wir derzeit eine Warteliste.<\/a> <br><br>Voraussetzung ist eine Psychiatrie-Erfahrung und die Bereitschaft zum Austausch und zur Mitarbeit, soweit die Krankheit es zul\u00e4sst. Wir treffen uns einmal w\u00f6chentlich f\u00fcr zwei Stunden um k\u00fcnstlerisch zu arbeiten, Organisatorisches zu besprechen, zum Kaffeetrinken und Kl\u00f6nen.<\/p>\n\n\n\n<p>In unseren Arbeitsr\u00e4umen versuchen wir, feste Arbeitspl\u00e4tze f\u00fcr alle K\u00fcnstler zu erm\u00f6glichen. Die Mitglieder k\u00f6nnen diese Arbeitspl\u00e4tze auch au\u00dferhalb unserer Treffen jederzeit nutzen.<\/p>\n\n\n\n<figure class=\"wp-block-gallery has-nested-images columns-default is-cropped wp-block-gallery-1 is-layout-flex wp-block-gallery-is-layout-flex\">\n<figure class=\"wp-block-image size-large\"><img loading=\"lazy\" decoding=\"async\" width=\"768\" height=\"1024\" data-id=\"774\" src=\"https:\/\/kik-kunstinderklinik.de\/wp-content\/uploads\/2020\/03\/SAM_9100-768x1024.jpg\" alt=\"\" class=\"wp-image-774\" srcset=\"https:\/\/kik-kunstinderklinik.de\/wp-content\/uploads\/2020\/03\/SAM_9100-768x1025.jpg 768w, https:\/\/kik-kunstinderklinik.de\/wp-content\/uploads\/2020\/03\/SAM_9100-225x300.jpg 225w, https:\/\/kik-kunstinderklinik.de\/wp-content\/uploads\/2020\/03\/SAM_9100-1151x1536.jpg 1151w, https:\/\/kik-kunstinderklinik.de\/wp-content\/uploads\/2020\/03\/SAM_9100.jpg 1437w\" sizes=\"auto, (max-width: 768px) 100vw, 768px\" \/><\/figure>\n\n\n\n<figure class=\"wp-block-image size-large\"><img loading=\"lazy\" decoding=\"async\" width=\"1024\" height=\"768\" data-id=\"864\" src=\"https:\/\/kik-kunstinderklinik.de\/wp-content\/uploads\/2020\/04\/IMG_5729-1024x768.jpg\" alt=\"\" class=\"wp-image-864\" srcset=\"https:\/\/kik-kunstinderklinik.de\/wp-content\/uploads\/2020\/04\/IMG_5729-1024x768.jpg 1024w, https:\/\/kik-kunstinderklinik.de\/wp-content\/uploads\/2020\/04\/IMG_5729-300x225.jpg 300w, https:\/\/kik-kunstinderklinik.de\/wp-content\/uploads\/2020\/04\/IMG_5729-768x576.jpg 768w, https:\/\/kik-kunstinderklinik.de\/wp-content\/uploads\/2020\/04\/IMG_5729-1536x1152.jpg 1536w, https:\/\/kik-kunstinderklinik.de\/wp-content\/uploads\/2020\/04\/IMG_5729-2048x1536.jpg 2048w\" sizes=\"auto, (max-width: 1024px) 100vw, 1024px\" \/><\/figure>\n\n\n\n<figure class=\"wp-block-image size-large\"><img loading=\"lazy\" decoding=\"async\" width=\"768\" height=\"1024\" data-id=\"863\" src=\"https:\/\/kik-kunstinderklinik.de\/wp-content\/uploads\/2020\/04\/IMG_5728-768x1024.jpg\" alt=\"\" class=\"wp-image-863\" srcset=\"https:\/\/kik-kunstinderklinik.de\/wp-content\/uploads\/2020\/04\/IMG_5728-768x1024.jpg 768w, https:\/\/kik-kunstinderklinik.de\/wp-content\/uploads\/2020\/04\/IMG_5728-225x300.jpg 225w, https:\/\/kik-kunstinderklinik.de\/wp-content\/uploads\/2020\/04\/IMG_5728-1152x1536.jpg 1152w, https:\/\/kik-kunstinderklinik.de\/wp-content\/uploads\/2020\/04\/IMG_5728-1536x2048.jpg 1536w, https:\/\/kik-kunstinderklinik.de\/wp-content\/uploads\/2020\/04\/IMG_5728-scaled.jpg 1920w\" sizes=\"auto, (max-width: 768px) 100vw, 768px\" \/><\/figure>\n\n\n\n<figure class=\"wp-block-image size-large\"><img loading=\"lazy\" decoding=\"async\" width=\"768\" height=\"1024\" data-id=\"862\" src=\"https:\/\/kik-kunstinderklinik.de\/wp-content\/uploads\/2020\/04\/IMG_5727-768x1024.jpg\" alt=\"\" class=\"wp-image-862\" srcset=\"https:\/\/kik-kunstinderklinik.de\/wp-content\/uploads\/2020\/04\/IMG_5727-768x1024.jpg 768w, https:\/\/kik-kunstinderklinik.de\/wp-content\/uploads\/2020\/04\/IMG_5727-225x300.jpg 225w, https:\/\/kik-kunstinderklinik.de\/wp-content\/uploads\/2020\/04\/IMG_5727-1152x1536.jpg 1152w, https:\/\/kik-kunstinderklinik.de\/wp-content\/uploads\/2020\/04\/IMG_5727-1536x2048.jpg 1536w, https:\/\/kik-kunstinderklinik.de\/wp-content\/uploads\/2020\/04\/IMG_5727-scaled.jpg 1920w\" sizes=\"auto, (max-width: 768px) 100vw, 768px\" \/><\/figure>\n\n\n\n<figure class=\"wp-block-image size-large\"><img loading=\"lazy\" decoding=\"async\" width=\"1024\" height=\"768\" data-id=\"765\" src=\"https:\/\/kik-kunstinderklinik.de\/wp-content\/uploads\/2020\/03\/IMG_5290-1024x768.jpg\" alt=\"\" class=\"wp-image-765\" srcset=\"https:\/\/kik-kunstinderklinik.de\/wp-content\/uploads\/2020\/03\/IMG_5290-1024x768.jpg 1024w, https:\/\/kik-kunstinderklinik.de\/wp-content\/uploads\/2020\/03\/IMG_5290-300x225.jpg 300w, https:\/\/kik-kunstinderklinik.de\/wp-content\/uploads\/2020\/03\/IMG_5290-768x576.jpg 768w, https:\/\/kik-kunstinderklinik.de\/wp-content\/uploads\/2020\/03\/IMG_5290-1536x1152.jpg 1536w, https:\/\/kik-kunstinderklinik.de\/wp-content\/uploads\/2020\/03\/IMG_5290-2048x1536.jpg 2048w\" sizes=\"auto, (max-width: 1024px) 100vw, 1024px\" \/><\/figure>\n\n\n\n<figure class=\"wp-block-image size-large\"><img loading=\"lazy\" decoding=\"async\" width=\"768\" height=\"1024\" data-id=\"861\" src=\"https:\/\/kik-kunstinderklinik.de\/wp-content\/uploads\/2020\/04\/IMG_5726-768x1024.jpg\" alt=\"\" class=\"wp-image-861\" srcset=\"https:\/\/kik-kunstinderklinik.de\/wp-content\/uploads\/2020\/04\/IMG_5726-768x1024.jpg 768w, https:\/\/kik-kunstinderklinik.de\/wp-content\/uploads\/2020\/04\/IMG_5726-225x300.jpg 225w, https:\/\/kik-kunstinderklinik.de\/wp-content\/uploads\/2020\/04\/IMG_5726-1152x1536.jpg 1152w, https:\/\/kik-kunstinderklinik.de\/wp-content\/uploads\/2020\/04\/IMG_5726-1536x2048.jpg 1536w, https:\/\/kik-kunstinderklinik.de\/wp-content\/uploads\/2020\/04\/IMG_5726-scaled.jpg 1920w\" sizes=\"auto, (max-width: 768px) 100vw, 768px\" \/><\/figure>\n\n\n\n<figure class=\"wp-block-image size-large\"><img loading=\"lazy\" decoding=\"async\" width=\"768\" height=\"1024\" data-id=\"860\" src=\"https:\/\/kik-kunstinderklinik.de\/wp-content\/uploads\/2020\/04\/IMG_5725-768x1024.jpg\" alt=\"\" class=\"wp-image-860\" srcset=\"https:\/\/kik-kunstinderklinik.de\/wp-content\/uploads\/2020\/04\/IMG_5725-768x1024.jpg 768w, https:\/\/kik-kunstinderklinik.de\/wp-content\/uploads\/2020\/04\/IMG_5725-225x300.jpg 225w, https:\/\/kik-kunstinderklinik.de\/wp-content\/uploads\/2020\/04\/IMG_5725-1152x1536.jpg 1152w, https:\/\/kik-kunstinderklinik.de\/wp-content\/uploads\/2020\/04\/IMG_5725-1536x2048.jpg 1536w, https:\/\/kik-kunstinderklinik.de\/wp-content\/uploads\/2020\/04\/IMG_5725-scaled.jpg 1920w\" sizes=\"auto, (max-width: 768px) 100vw, 768px\" \/><\/figure>\n\n\n\n<figure class=\"wp-block-image size-large\"><img loading=\"lazy\" decoding=\"async\" width=\"768\" height=\"1024\" data-id=\"859\" src=\"https:\/\/kik-kunstinderklinik.de\/wp-content\/uploads\/2020\/04\/IMG_5724-768x1024.jpg\" alt=\"\" class=\"wp-image-859\" srcset=\"https:\/\/kik-kunstinderklinik.de\/wp-content\/uploads\/2020\/04\/IMG_5724-768x1024.jpg 768w, https:\/\/kik-kunstinderklinik.de\/wp-content\/uploads\/2020\/04\/IMG_5724-225x300.jpg 225w, https:\/\/kik-kunstinderklinik.de\/wp-content\/uploads\/2020\/04\/IMG_5724-1152x1536.jpg 1152w, https:\/\/kik-kunstinderklinik.de\/wp-content\/uploads\/2020\/04\/IMG_5724-1536x2048.jpg 1536w, https:\/\/kik-kunstinderklinik.de\/wp-content\/uploads\/2020\/04\/IMG_5724-scaled.jpg 1920w\" sizes=\"auto, (max-width: 768px) 100vw, 768px\" \/><\/figure>\n<\/figure>\n\n\n\n<div style=\"height:20px\" aria-hidden=\"true\" class=\"wp-block-spacer\"><\/div>\n\n\n\n<p><strong>Leitung <\/strong><\/p>\n\n\n\n<p>Organisatorisch werden wir begleitet von Sabine Sch\u00f6nleiter vom sozialp\u00e4dagogischen Fachdienst der Asklepios Klinik Nord Ochsenzoll. <\/p>\n\n\n\n<figure class=\"wp-block-image size-large\"><img loading=\"lazy\" decoding=\"async\" width=\"183\" height=\"272\" src=\"https:\/\/kik-kunstinderklinik.de\/wp-content\/uploads\/2020\/04\/Schabine-1.jpg\" alt=\"Sabine Sch\u00f6nleiter\" class=\"wp-image-915\"\/><figcaption class=\"wp-element-caption\">Sabine  Sch\u00f6nleiter<\/figcaption><\/figure>\n\n\n\n<p><\/p>\n\n\n\n<figure class=\"wp-block-gallery has-nested-images columns-default is-cropped wp-block-gallery-2 is-layout-flex wp-block-gallery-is-layout-flex\"><\/figure>\n","protected":false},"excerpt":{"rendered":"<p>Kunst Wir sind ungef\u00e4hr 25 Menschen unterschiedlichen Alters, Geschlechts, Nationalit\u00e4t und mit unterschiedlichen psychischen Erkrankungen. Die Kunst ist f\u00fcr uns das notwendige Ausdrucksmittel, um den Themen, die uns besch\u00e4ftigen, ein Gesicht, eine Farbe oder eine Form zu geben. In unseren Werken verarbeiten wir Emotionen, Tr\u00e4ume, Traumata und unsere pers\u00f6nlichen Wahrnehmungen [&hellip;]<\/p>\n","protected":false},"author":1,"featured_media":0,"parent":0,"menu_order":2,"comment_status":"closed","ping_status":"closed","template":"","meta":{"footnotes":""},"class_list":["post-55","page","type-page","status-publish","hentry"],"_links":{"self":[{"href":"https:\/\/kik-kunstinderklinik.de\/index.php?rest_route=\/wp\/v2\/pages\/55","targetHints":{"allow":["GET"]}}],"collection":[{"href":"https:\/\/kik-kunstinderklinik.de\/index.php?rest_route=\/wp\/v2\/pages"}],"about":[{"href":"https:\/\/kik-kunstinderklinik.de\/index.php?rest_route=\/wp\/v2\/types\/page"}],"author":[{"embeddable":true,"href":"https:\/\/kik-kunstinderklinik.de\/index.php?rest_route=\/wp\/v2\/users\/1"}],"replies":[{"embeddable":true,"href":"https:\/\/kik-kunstinderklinik.de\/index.php?rest_route=%2Fwp%2Fv2%2Fcomments&post=55"}],"version-history":[{"count":36,"href":"https:\/\/kik-kunstinderklinik.de\/index.php?rest_route=\/wp\/v2\/pages\/55\/revisions"}],"predecessor-version":[{"id":1993,"href":"https:\/\/kik-kunstinderklinik.de\/index.php?rest_route=\/wp\/v2\/pages\/55\/revisions\/1993"}],"wp:attachment":[{"href":"https:\/\/kik-kunstinderklinik.de\/index.php?rest_route=%2Fwp%2Fv2%2Fmedia&parent=55"}],"curies":[{"name":"wp","href":"https:\/\/api.w.org\/{rel}","templated":true}]}}