{"id":525,"date":"2020-01-11T18:43:52","date_gmt":"2020-01-11T17:43:52","guid":{"rendered":"https:\/\/www.kik-kunstinderklinik.de\/KIK\/?page_id=525"},"modified":"2025-10-18T10:02:19","modified_gmt":"2025-10-18T08:02:19","slug":"impressum","status":"publish","type":"page","link":"https:\/\/kik-kunstinderklinik.de\/?page_id=525","title":{"rendered":"Impressum"},"content":{"rendered":"\n<p>KIK Kunst in der Klinik <\/p>\n\n\n\n<p>Gemeinn\u00fctziger Verein<\/p>\n\n\n\n<p>Sabine Sch\u00f6nleiter, Asklepios Klinik Nord &#8211; Ochsenzoll, sozialp\u00e4d. Fachdienst, Hs. 6<\/p>\n\n\n\n<p>Postanschrift: Langenhorner Chaussee 560, 22419 Hamburg,    <\/p>\n\n\n\n<p>Besucheradresse: Henny-Sch\u00fctz-Allee 3, 22419 Hamburg   <\/p>\n\n\n\n<p>Tel.: 040 &#8211; 18 18 87 -1773   <\/p>\n\n\n\n<p>Fax: 040 &#8211; 18 18 87 -2767              <\/p>\n\n\n\n<p>E-Mail: <a href=\"mailto:s.schoenleiter@asklepios.com?subject=E-Mail von der KIK-Website\">s.schoenleiter(at)asklepios.com<\/a><\/p>\n\n\n\n<p>Alle Inhalte dieser Webseite sind urheberrechtlich gesch\u00fctzt. Alle Inhalte, insbesondere die Abbildungen, d\u00fcrfen nur mit vorheriger schriftlicher Zustimmung der K\u00fcnstler ganz oder    teilweise ausgedruckt, heruntergeladen    oder auf andere Art vervielf\u00e4ltigt werden. Wer gegen das Urheberrecht verst\u00f6\u00dft, macht sich gem\u00e4\u00df \u00a7\u00a7 106 ff. UrhG strafbar. <\/p>\n\n\n\n<p><\/p>\n\n\n\n<p>Jede Haftung im Zusammenhang mit der Nutzung der Inhalte dieser Webseite sowie der Nutzung der Links zu externen Seiten ist ausgeschlossen. F\u00fcr den Inhalt der verlinkten Webseiten sind ausschlie\u00dflich deren Betreiber verantwortlich. Hamburg, 2024<\/p>\n\n\n\n<p><\/p>\n","protected":false},"excerpt":{"rendered":"<p>KIK Kunst in der Klinik Gemeinn\u00fctziger Verein Sabine Sch\u00f6nleiter, Asklepios Klinik Nord &#8211; Ochsenzoll, sozialp\u00e4d. Fachdienst, Hs. 6 Postanschrift: Langenhorner Chaussee 560, 22419 Hamburg, Besucheradresse: Henny-Sch\u00fctz-Allee 3, 22419 Hamburg Tel.: 040 &#8211; 18 18 87 -1773 Fax: 040 &#8211; 18 18 87 -2767 E-Mail: s.schoenleiter(at)asklepios.com Alle Inhalte dieser Webseite sind [&hellip;]<\/p>\n","protected":false},"author":1,"featured_media":0,"parent":0,"menu_order":9,"comment_status":"closed","ping_status":"closed","template":"","meta":{"footnotes":""},"class_list":["post-525","page","type-page","status-publish","hentry"],"_links":{"self":[{"href":"https:\/\/kik-kunstinderklinik.de\/index.php?rest_route=\/wp\/v2\/pages\/525","targetHints":{"allow":["GET"]}}],"collection":[{"href":"https:\/\/kik-kunstinderklinik.de\/index.php?rest_route=\/wp\/v2\/pages"}],"about":[{"href":"https:\/\/kik-kunstinderklinik.de\/index.php?rest_route=\/wp\/v2\/types\/page"}],"author":[{"embeddable":true,"href":"https:\/\/kik-kunstinderklinik.de\/index.php?rest_route=\/wp\/v2\/users\/1"}],"replies":[{"embeddable":true,"href":"https:\/\/kik-kunstinderklinik.de\/index.php?rest_route=%2Fwp%2Fv2%2Fcomments&post=525"}],"version-history":[{"count":6,"href":"https:\/\/kik-kunstinderklinik.de\/index.php?rest_route=\/wp\/v2\/pages\/525\/revisions"}],"predecessor-version":[{"id":1876,"href":"https:\/\/kik-kunstinderklinik.de\/index.php?rest_route=\/wp\/v2\/pages\/525\/revisions\/1876"}],"wp:attachment":[{"href":"https:\/\/kik-kunstinderklinik.de\/index.php?rest_route=%2Fwp%2Fv2%2Fmedia&parent=525"}],"curies":[{"name":"wp","href":"https:\/\/api.w.org\/{rel}","templated":true}]}}