{"id":481,"date":"2020-01-11T14:02:27","date_gmt":"2020-01-11T13:02:27","guid":{"rendered":"https:\/\/www.kik-kunstinderklinik.de\/KIK\/?page_id=481"},"modified":"2025-10-11T07:17:28","modified_gmt":"2025-10-11T05:17:28","slug":"kunstkalender-2","status":"publish","type":"page","link":"https:\/\/kik-kunstinderklinik.de\/?page_id=481","title":{"rendered":"Kunstkalender"},"content":{"rendered":"\n<div class=\"wp-block-columns is-layout-flex wp-container-core-columns-is-layout-28f84493 wp-block-columns-is-layout-flex\">\n<div class=\"wp-block-column is-layout-flow wp-block-column-is-layout-flow\" style=\"flex-basis:66.66%\">\n<p class=\"has-normal-font-size\"><br>Seit 2008 haben wir das Gl\u00fcck, mit Hilfe von Sponsoren jedes Jahr einen Kunst-Kalender mit unseren Bildern herausgeben zu k\u00f6nnen. Der Verkauf dieses Kalenders ist eine wichtige Einnahmequelle f\u00fcr uns. Mit dem Geld kaufen wir neues k\u00fcnstlerisches Material und finanzieren Museumsbesuche.<br><br>Der Kalender ist f\u00fcr 10 Euro pro St\u00fcck zuz\u00fcglich Versandkosten zu erhalten \u00fcber:<\/p>\n\n\n\n<p class=\"has-normal-font-size\"><br>Sabine Sch\u00f6nleiter<br>Asklepios Klinik Nord<br>Klinik f\u00fcr Psychiatrie und Psychotherapie<br>Sozialp\u00e4d. Fachdienst, Haus 6<br>Postanschrift: Langenhorner Chaussee 560, 22419 Hamburg<br>Besucheradresse: Henny-Sch\u00fctz-Allee 3<\/p>\n\n\n\n<div class=\"wp-block-buttons is-layout-flex wp-block-buttons-is-layout-flex\">\n<div class=\"wp-block-button\"><a class=\"wp-block-button__link wp-element-button\" href=\"mailto:s.schoenleiter@asklepios.com\">Email: s.schoenleiter (at) asklepios.com<\/a><\/div>\n<\/div>\n<\/div>\n\n\n\n<div class=\"wp-block-column is-layout-flow wp-block-column-is-layout-flow\" style=\"border-style:none;border-width:0px;flex-basis:33.33%\"><\/div>\n<\/div>\n\n\n\n<hr class=\"wp-block-separator has-alpha-channel-opacity\"\/>\n\n\n\n<h2 class=\"wp-block-heading has-text-align-center\">Vorschau auf die Kunstwerke im Kalender 2026<\/h2>\n\n\n\n<div class=\"wp-block-columns is-layout-flex wp-container-core-columns-is-layout-28f84493 wp-block-columns-is-layout-flex\">\n<div class=\"wp-block-column is-layout-flow wp-block-column-is-layout-flow\"><\/div>\n\n\n\n<div class=\"wp-block-column is-layout-flow wp-block-column-is-layout-flow\">\n<figure class=\"wp-block-image size-large\"><a href=\"https:\/\/kik-kunstinderklinik.de\/wp-content\/uploads\/2025\/10\/kal2600_herzblitz_schuster.jpg\" data-rel=\"lightbox-gallery-Y1APBX1T\" data-rl_title=\"\" data-rl_caption=\"\" title=\"\"><img loading=\"lazy\" decoding=\"async\" width=\"733\" height=\"1024\" src=\"https:\/\/kik-kunstinderklinik.de\/wp-content\/uploads\/2025\/10\/kal2600_herzblitz_schuster-733x1024.jpg\" alt=\"\" class=\"wp-image-1845\" srcset=\"https:\/\/kik-kunstinderklinik.de\/wp-content\/uploads\/2025\/10\/kal2600_herzblitz_schuster-733x1024.jpg 733w, https:\/\/kik-kunstinderklinik.de\/wp-content\/uploads\/2025\/10\/kal2600_herzblitz_schuster-215x300.jpg 215w, https:\/\/kik-kunstinderklinik.de\/wp-content\/uploads\/2025\/10\/kal2600_herzblitz_schuster-768x1073.jpg 768w, https:\/\/kik-kunstinderklinik.de\/wp-content\/uploads\/2025\/10\/kal2600_herzblitz_schuster-1099x1536.jpg 1099w, https:\/\/kik-kunstinderklinik.de\/wp-content\/uploads\/2025\/10\/kal2600_herzblitz_schuster.jpg 1200w\" sizes=\"auto, (max-width: 733px) 100vw, 733px\" \/><\/a><\/figure>\n\n\n\n<p><strong>Titelbild<\/strong><br>J\u00f6rn Schuster, &#8222;Herzblitz&#8220;, Acryl auf Leinwand, 50x 70 cm, 2025<\/p>\n<\/div>\n\n\n\n<div class=\"wp-block-column is-layout-flow wp-block-column-is-layout-flow\"><\/div>\n<\/div>\n\n\n\n<div class=\"wp-block-columns is-layout-flex wp-container-core-columns-is-layout-28f84493 wp-block-columns-is-layout-flex\">\n<div class=\"wp-block-column is-layout-flow wp-block-column-is-layout-flow\">\n<figure class=\"wp-block-image size-large\"><a href=\"https:\/\/kik-kunstinderklinik.de\/wp-content\/uploads\/2025\/10\/kal2601_cosmic_fox_kofler.jpg\" data-rel=\"lightbox-gallery-Y1APBX1T\" data-rl_title=\"\" data-rl_caption=\"\" title=\"\"><img loading=\"lazy\" decoding=\"async\" width=\"751\" height=\"1024\" src=\"https:\/\/kik-kunstinderklinik.de\/wp-content\/uploads\/2025\/10\/kal2601_cosmic_fox_kofler-751x1024.jpg\" alt=\"\" class=\"wp-image-1846\" srcset=\"https:\/\/kik-kunstinderklinik.de\/wp-content\/uploads\/2025\/10\/kal2601_cosmic_fox_kofler-751x1024.jpg 751w, https:\/\/kik-kunstinderklinik.de\/wp-content\/uploads\/2025\/10\/kal2601_cosmic_fox_kofler-220x300.jpg 220w, https:\/\/kik-kunstinderklinik.de\/wp-content\/uploads\/2025\/10\/kal2601_cosmic_fox_kofler-768x1048.jpg 768w, https:\/\/kik-kunstinderklinik.de\/wp-content\/uploads\/2025\/10\/kal2601_cosmic_fox_kofler-1126x1536.jpg 1126w, https:\/\/kik-kunstinderklinik.de\/wp-content\/uploads\/2025\/10\/kal2601_cosmic_fox_kofler.jpg 1200w\" sizes=\"auto, (max-width: 751px) 100vw, 751px\" \/><\/a><\/figure>\n\n\n\n<p><strong>Januar<\/strong><br>Nadine Kofler, &#8222;cosmic fox&#8220;, mixed media auf Papier, 21x 30 cm, 2025<\/p>\n<\/div>\n\n\n\n<div class=\"wp-block-column is-layout-flow wp-block-column-is-layout-flow\">\n<figure class=\"wp-block-image size-large\"><a href=\"https:\/\/kik-kunstinderklinik.de\/wp-content\/uploads\/2025\/10\/kal2602_reptil_tatiani.jpg\" data-rel=\"lightbox-gallery-Y1APBX1T\" data-rl_title=\"\" data-rl_caption=\"\" title=\"\"><img loading=\"lazy\" decoding=\"async\" width=\"817\" height=\"1024\" src=\"https:\/\/kik-kunstinderklinik.de\/wp-content\/uploads\/2025\/10\/kal2602_reptil_tatiani-817x1024.jpg\" alt=\"\" class=\"wp-image-1847\" srcset=\"https:\/\/kik-kunstinderklinik.de\/wp-content\/uploads\/2025\/10\/kal2602_reptil_tatiani-817x1024.jpg 817w, https:\/\/kik-kunstinderklinik.de\/wp-content\/uploads\/2025\/10\/kal2602_reptil_tatiani-239x300.jpg 239w, https:\/\/kik-kunstinderklinik.de\/wp-content\/uploads\/2025\/10\/kal2602_reptil_tatiani-768x963.jpg 768w, https:\/\/kik-kunstinderklinik.de\/wp-content\/uploads\/2025\/10\/kal2602_reptil_tatiani.jpg 1200w\" sizes=\"auto, (max-width: 817px) 100vw, 817px\" \/><\/a><\/figure>\n\n\n\n<p><strong>Februar<\/strong><br>Tatiani, &#8222;Reptil&#8220;, Acryl Pouring auf Leinwand, 24x 30 cm, 2023<\/p>\n<\/div>\n\n\n\n<div class=\"wp-block-column is-layout-flow wp-block-column-is-layout-flow\">\n<figure class=\"wp-block-image size-large\"><a href=\"https:\/\/kik-kunstinderklinik.de\/wp-content\/uploads\/2025\/10\/kal2603_un_sogno_per_favore_rosemary_berit.jpg\" data-rel=\"lightbox-gallery-Y1APBX1T\" data-rl_title=\"\" data-rl_caption=\"\" title=\"\"><img loading=\"lazy\" decoding=\"async\" width=\"1024\" height=\"857\" src=\"https:\/\/kik-kunstinderklinik.de\/wp-content\/uploads\/2025\/10\/kal2603_un_sogno_per_favore_rosemary_berit-1024x857.jpg\" alt=\"\" class=\"wp-image-1848\" srcset=\"https:\/\/kik-kunstinderklinik.de\/wp-content\/uploads\/2025\/10\/kal2603_un_sogno_per_favore_rosemary_berit-1024x857.jpg 1024w, https:\/\/kik-kunstinderklinik.de\/wp-content\/uploads\/2025\/10\/kal2603_un_sogno_per_favore_rosemary_berit-300x251.jpg 300w, https:\/\/kik-kunstinderklinik.de\/wp-content\/uploads\/2025\/10\/kal2603_un_sogno_per_favore_rosemary_berit-768x643.jpg 768w, https:\/\/kik-kunstinderklinik.de\/wp-content\/uploads\/2025\/10\/kal2603_un_sogno_per_favore_rosemary_berit.jpg 1500w\" sizes=\"auto, (max-width: 1024px) 100vw, 1024px\" \/><\/a><\/figure>\n\n\n\n<p><strong>M\u00e4rz<\/strong><br>Berit H., &#8222;Un sogno per favore, Rosemary&#8220;, Acryl auf Leinwand, 100x 120 cm, 2025<\/p>\n<\/div>\n<\/div>\n\n\n\n<div class=\"wp-block-columns is-layout-flex wp-container-core-columns-is-layout-28f84493 wp-block-columns-is-layout-flex\">\n<div class=\"wp-block-column is-layout-flow wp-block-column-is-layout-flow\">\n<figure class=\"wp-block-image size-large\"><a href=\"https:\/\/kik-kunstinderklinik.de\/wp-content\/uploads\/2025\/10\/kal2604_jolly_roger_in_nimmerland_noah.jpg\" data-rel=\"lightbox-gallery-Y1APBX1T\" data-rl_title=\"\" data-rl_caption=\"\" title=\"\"><img loading=\"lazy\" decoding=\"async\" width=\"1024\" height=\"767\" src=\"https:\/\/kik-kunstinderklinik.de\/wp-content\/uploads\/2025\/10\/kal2604_jolly_roger_in_nimmerland_noah-1024x767.jpg\" alt=\"\" class=\"wp-image-1849\" srcset=\"https:\/\/kik-kunstinderklinik.de\/wp-content\/uploads\/2025\/10\/kal2604_jolly_roger_in_nimmerland_noah-1024x767.jpg 1024w, https:\/\/kik-kunstinderklinik.de\/wp-content\/uploads\/2025\/10\/kal2604_jolly_roger_in_nimmerland_noah-300x225.jpg 300w, https:\/\/kik-kunstinderklinik.de\/wp-content\/uploads\/2025\/10\/kal2604_jolly_roger_in_nimmerland_noah-768x575.jpg 768w, https:\/\/kik-kunstinderklinik.de\/wp-content\/uploads\/2025\/10\/kal2604_jolly_roger_in_nimmerland_noah.jpg 1500w\" sizes=\"auto, (max-width: 1024px) 100vw, 1024px\" \/><\/a><\/figure>\n\n\n\n<p><strong>April<\/strong><br>Noah, &#8222;Jolly Roger in Nimmerland&#8220;, Fineliner und Aquarell auf Papier, 24x 32 cm, 2025<\/p>\n<\/div>\n\n\n\n<div class=\"wp-block-column is-layout-flow wp-block-column-is-layout-flow\">\n<figure class=\"wp-block-image size-large\"><a href=\"https:\/\/kik-kunstinderklinik.de\/wp-content\/uploads\/2025\/10\/kal2605_erbluehen_boeckmann.jpg\" data-rel=\"lightbox-gallery-Y1APBX1T\" data-rl_title=\"\" data-rl_caption=\"\" title=\"\"><img loading=\"lazy\" decoding=\"async\" width=\"658\" height=\"1024\" src=\"https:\/\/kik-kunstinderklinik.de\/wp-content\/uploads\/2025\/10\/kal2605_erbluehen_boeckmann-658x1024.jpg\" alt=\"\" class=\"wp-image-1850\" srcset=\"https:\/\/kik-kunstinderklinik.de\/wp-content\/uploads\/2025\/10\/kal2605_erbluehen_boeckmann-658x1024.jpg 658w, https:\/\/kik-kunstinderklinik.de\/wp-content\/uploads\/2025\/10\/kal2605_erbluehen_boeckmann-193x300.jpg 193w, https:\/\/kik-kunstinderklinik.de\/wp-content\/uploads\/2025\/10\/kal2605_erbluehen_boeckmann-768x1195.jpg 768w, https:\/\/kik-kunstinderklinik.de\/wp-content\/uploads\/2025\/10\/kal2605_erbluehen_boeckmann-987x1536.jpg 987w, https:\/\/kik-kunstinderklinik.de\/wp-content\/uploads\/2025\/10\/kal2605_erbluehen_boeckmann.jpg 1200w\" sizes=\"auto, (max-width: 658px) 100vw, 658px\" \/><\/a><\/figure>\n\n\n\n<p><strong>Mai<\/strong><br>P. B\u00f6ckmann, &#8222;Erbl\u00fchen&#8220;, Aquarell auf Papier, 20x 30 cm, 2025<\/p>\n<\/div>\n\n\n\n<div class=\"wp-block-column is-layout-flow wp-block-column-is-layout-flow\">\n<figure class=\"wp-block-image size-large\"><a href=\"https:\/\/kik-kunstinderklinik.de\/wp-content\/uploads\/2025\/10\/kal2606_gottesanbeterin_larry42.jpg\" data-rel=\"lightbox-gallery-Y1APBX1T\" data-rl_title=\"\" data-rl_caption=\"\" title=\"\"><img loading=\"lazy\" decoding=\"async\" width=\"1024\" height=\"776\" src=\"https:\/\/kik-kunstinderklinik.de\/wp-content\/uploads\/2025\/10\/kal2606_gottesanbeterin_larry42-1024x776.jpg\" alt=\"\" class=\"wp-image-1851\" srcset=\"https:\/\/kik-kunstinderklinik.de\/wp-content\/uploads\/2025\/10\/kal2606_gottesanbeterin_larry42-1024x776.jpg 1024w, https:\/\/kik-kunstinderklinik.de\/wp-content\/uploads\/2025\/10\/kal2606_gottesanbeterin_larry42-300x227.jpg 300w, https:\/\/kik-kunstinderklinik.de\/wp-content\/uploads\/2025\/10\/kal2606_gottesanbeterin_larry42-768x582.jpg 768w, https:\/\/kik-kunstinderklinik.de\/wp-content\/uploads\/2025\/10\/kal2606_gottesanbeterin_larry42.jpg 1500w\" sizes=\"auto, (max-width: 1024px) 100vw, 1024px\" \/><\/a><\/figure>\n\n\n\n<p><strong>Juni<\/strong><br>Larry42, &#8222;Gottesanbeterin&#8220;, Aquarell auf Papier, 24x 30 cm, 2025<\/p>\n\n\n\n<div class=\"wp-block-columns is-layout-flex wp-container-core-columns-is-layout-28f84493 wp-block-columns-is-layout-flex\">\n<div class=\"wp-block-column is-layout-flow wp-block-column-is-layout-flow\"><\/div>\n\n\n\n<div class=\"wp-block-column is-layout-flow wp-block-column-is-layout-flow\"><\/div>\n<\/div>\n<\/div>\n<\/div>\n\n\n\n<div class=\"wp-block-columns is-layout-flex wp-container-core-columns-is-layout-28f84493 wp-block-columns-is-layout-flex\">\n<div class=\"wp-block-column is-layout-flow wp-block-column-is-layout-flow\">\n<figure class=\"wp-block-image size-large\"><a href=\"https:\/\/kik-kunstinderklinik.de\/wp-content\/uploads\/2025\/10\/kal2607_frauen_die_handarbeiten_kayser.jpg\" data-rel=\"lightbox-gallery-Y1APBX1T\" data-rl_title=\"\" data-rl_caption=\"\" title=\"\"><img loading=\"lazy\" decoding=\"async\" width=\"800\" height=\"1024\" src=\"https:\/\/kik-kunstinderklinik.de\/wp-content\/uploads\/2025\/10\/kal2607_frauen_die_handarbeiten_kayser-800x1024.jpg\" alt=\"\" class=\"wp-image-1852\" srcset=\"https:\/\/kik-kunstinderklinik.de\/wp-content\/uploads\/2025\/10\/kal2607_frauen_die_handarbeiten_kayser-800x1024.jpg 800w, https:\/\/kik-kunstinderklinik.de\/wp-content\/uploads\/2025\/10\/kal2607_frauen_die_handarbeiten_kayser-234x300.jpg 234w, https:\/\/kik-kunstinderklinik.de\/wp-content\/uploads\/2025\/10\/kal2607_frauen_die_handarbeiten_kayser-768x983.jpg 768w, https:\/\/kik-kunstinderklinik.de\/wp-content\/uploads\/2025\/10\/kal2607_frauen_die_handarbeiten_kayser.jpg 1200w\" sizes=\"auto, (max-width: 800px) 100vw, 800px\" \/><\/a><\/figure>\n\n\n\n<p><strong>Juli<\/strong><br>Kerstin Kayser, &#8222;Frauen, die Handarbeiten&#8220;, Acryl auf Leinwand, 24x 30 cm, 2025<\/p>\n<\/div>\n\n\n\n<div class=\"wp-block-column is-layout-flow wp-block-column-is-layout-flow\">\n<figure class=\"wp-block-image size-large\"><a href=\"https:\/\/kik-kunstinderklinik.de\/wp-content\/uploads\/2025\/10\/kal2608_fischreiher_in_planten_un_blomen_dicks.jpg\" data-rel=\"lightbox-gallery-Y1APBX1T\" data-rl_title=\"\" data-rl_caption=\"\" title=\"\"><img loading=\"lazy\" decoding=\"async\" width=\"769\" height=\"1024\" src=\"https:\/\/kik-kunstinderklinik.de\/wp-content\/uploads\/2025\/10\/kal2608_fischreiher_in_planten_un_blomen_dicks-769x1024.jpg\" alt=\"\" class=\"wp-image-1853\" srcset=\"https:\/\/kik-kunstinderklinik.de\/wp-content\/uploads\/2025\/10\/kal2608_fischreiher_in_planten_un_blomen_dicks-769x1024.jpg 769w, https:\/\/kik-kunstinderklinik.de\/wp-content\/uploads\/2025\/10\/kal2608_fischreiher_in_planten_un_blomen_dicks-225x300.jpg 225w, https:\/\/kik-kunstinderklinik.de\/wp-content\/uploads\/2025\/10\/kal2608_fischreiher_in_planten_un_blomen_dicks-768x1022.jpg 768w, https:\/\/kik-kunstinderklinik.de\/wp-content\/uploads\/2025\/10\/kal2608_fischreiher_in_planten_un_blomen_dicks-1154x1536.jpg 1154w, https:\/\/kik-kunstinderklinik.de\/wp-content\/uploads\/2025\/10\/kal2608_fischreiher_in_planten_un_blomen_dicks.jpg 1200w\" sizes=\"auto, (max-width: 769px) 100vw, 769px\" \/><\/a><\/figure>\n\n\n\n<p><strong>August<\/strong><br>Cordula D.,, &#8222;Fischreiher in Planten un Blomen&#8220;, Acryl auf Leinwand, 30x 40 cm, 2024<\/p>\n<\/div>\n\n\n\n<div class=\"wp-block-column is-layout-flow wp-block-column-is-layout-flow\">\n<figure class=\"wp-block-image size-large\"><a href=\"https:\/\/kik-kunstinderklinik.de\/wp-content\/uploads\/2025\/10\/kal2609_familienglueck_kristina.jpg\" data-rel=\"lightbox-gallery-Y1APBX1T\" data-rl_title=\"\" data-rl_caption=\"\" title=\"\"><img loading=\"lazy\" decoding=\"async\" width=\"1024\" height=\"1024\" src=\"https:\/\/kik-kunstinderklinik.de\/wp-content\/uploads\/2025\/10\/kal2609_familienglueck_kristina-1024x1024.jpg\" alt=\"\" class=\"wp-image-1854\" srcset=\"https:\/\/kik-kunstinderklinik.de\/wp-content\/uploads\/2025\/10\/kal2609_familienglueck_kristina-1024x1024.jpg 1024w, https:\/\/kik-kunstinderklinik.de\/wp-content\/uploads\/2025\/10\/kal2609_familienglueck_kristina-300x300.jpg 300w, https:\/\/kik-kunstinderklinik.de\/wp-content\/uploads\/2025\/10\/kal2609_familienglueck_kristina-150x150.jpg 150w, https:\/\/kik-kunstinderklinik.de\/wp-content\/uploads\/2025\/10\/kal2609_familienglueck_kristina-768x768.jpg 768w, https:\/\/kik-kunstinderklinik.de\/wp-content\/uploads\/2025\/10\/kal2609_familienglueck_kristina.jpg 1400w\" sizes=\"auto, (max-width: 1024px) 100vw, 1024px\" \/><\/a><\/figure>\n\n\n\n<p><strong>September<\/strong><br>Kristina, &#8222;Familiengl\u00fcck&#8220;, Acryl auf Leinwand, 50x 50 cm, 2025<\/p>\n<\/div>\n<\/div>\n\n\n\n<div class=\"wp-block-columns is-layout-flex wp-container-core-columns-is-layout-28f84493 wp-block-columns-is-layout-flex\">\n<div class=\"wp-block-column is-layout-flow wp-block-column-is-layout-flow\">\n<figure class=\"wp-block-image size-large\"><a href=\"https:\/\/kik-kunstinderklinik.de\/wp-content\/uploads\/2025\/10\/kal2610_verrueckte_stadt_vagts.jpg\" data-rel=\"lightbox-gallery-Y1APBX1T\" data-rl_title=\"\" data-rl_caption=\"\" title=\"\"><img loading=\"lazy\" decoding=\"async\" width=\"1024\" height=\"678\" src=\"https:\/\/kik-kunstinderklinik.de\/wp-content\/uploads\/2025\/10\/kal2610_verrueckte_stadt_vagts-1024x678.jpg\" alt=\"\" class=\"wp-image-1855\" srcset=\"https:\/\/kik-kunstinderklinik.de\/wp-content\/uploads\/2025\/10\/kal2610_verrueckte_stadt_vagts-1024x678.jpg 1024w, https:\/\/kik-kunstinderklinik.de\/wp-content\/uploads\/2025\/10\/kal2610_verrueckte_stadt_vagts-300x199.jpg 300w, https:\/\/kik-kunstinderklinik.de\/wp-content\/uploads\/2025\/10\/kal2610_verrueckte_stadt_vagts-768x508.jpg 768w, https:\/\/kik-kunstinderklinik.de\/wp-content\/uploads\/2025\/10\/kal2610_verrueckte_stadt_vagts.jpg 1500w\" sizes=\"auto, (max-width: 1024px) 100vw, 1024px\" \/><\/a><\/figure>\n\n\n\n<p><strong>Oktober<\/strong><br>Irmi Vagts, &#8222;Verr\u00fcckte Stadt&#8220;, Acryl auf Leinwand, 40x 60 cm, 2018<\/p>\n<\/div>\n\n\n\n<div class=\"wp-block-column is-layout-flow wp-block-column-is-layout-flow\">\n<figure class=\"wp-block-image size-large\"><a href=\"https:\/\/kik-kunstinderklinik.de\/wp-content\/uploads\/2025\/10\/kal2611_farbmeer_mcb.jpg\" data-rel=\"lightbox-gallery-Y1APBX1T\" data-rl_title=\"\" data-rl_caption=\"\" title=\"\"><img loading=\"lazy\" decoding=\"async\" width=\"1024\" height=\"765\" src=\"https:\/\/kik-kunstinderklinik.de\/wp-content\/uploads\/2025\/10\/kal2611_farbmeer_mcb-1024x765.jpg\" alt=\"\" class=\"wp-image-1856\" srcset=\"https:\/\/kik-kunstinderklinik.de\/wp-content\/uploads\/2025\/10\/kal2611_farbmeer_mcb-1024x765.jpg 1024w, https:\/\/kik-kunstinderklinik.de\/wp-content\/uploads\/2025\/10\/kal2611_farbmeer_mcb-300x224.jpg 300w, https:\/\/kik-kunstinderklinik.de\/wp-content\/uploads\/2025\/10\/kal2611_farbmeer_mcb-768x574.jpg 768w, https:\/\/kik-kunstinderklinik.de\/wp-content\/uploads\/2025\/10\/kal2611_farbmeer_mcb.jpg 1500w\" sizes=\"auto, (max-width: 1024px) 100vw, 1024px\" \/><\/a><\/figure>\n\n\n\n<p><strong>November<\/strong><br>McB, &#8222;Farbmeer&#8220;, Pastellkreide auf Papier, 2025<\/p>\n<\/div>\n\n\n\n<div class=\"wp-block-column is-layout-flow wp-block-column-is-layout-flow\">\n<figure class=\"wp-block-image size-large\"><a href=\"https:\/\/kik-kunstinderklinik.de\/wp-content\/uploads\/2025\/10\/kal2612_ot_altmann.jpg\" data-rel=\"lightbox-gallery-Y1APBX1T\" data-rl_title=\"\" data-rl_caption=\"\" title=\"\"><img loading=\"lazy\" decoding=\"async\" width=\"769\" height=\"1024\" src=\"https:\/\/kik-kunstinderklinik.de\/wp-content\/uploads\/2025\/10\/kal2612_ot_altmann-769x1024.jpg\" alt=\"\" class=\"wp-image-1857\" srcset=\"https:\/\/kik-kunstinderklinik.de\/wp-content\/uploads\/2025\/10\/kal2612_ot_altmann-769x1024.jpg 769w, https:\/\/kik-kunstinderklinik.de\/wp-content\/uploads\/2025\/10\/kal2612_ot_altmann-225x300.jpg 225w, https:\/\/kik-kunstinderklinik.de\/wp-content\/uploads\/2025\/10\/kal2612_ot_altmann-768x1022.jpg 768w, https:\/\/kik-kunstinderklinik.de\/wp-content\/uploads\/2025\/10\/kal2612_ot_altmann-1154x1536.jpg 1154w, https:\/\/kik-kunstinderklinik.de\/wp-content\/uploads\/2025\/10\/kal2612_ot_altmann.jpg 1200w\" sizes=\"auto, (max-width: 769px) 100vw, 769px\" \/><\/a><\/figure>\n\n\n\n<p><strong>Dezember<\/strong><br>Pit Altmann, &#8222;o.T.&#8220;, Acryl auf Leinwand, 60x 80 cm, 2025<\/p>\n<\/div>\n<\/div>\n\n\n\n<div class=\"wp-block-buttons is-content-justification-center is-layout-flex wp-container-core-buttons-is-layout-a89b3969 wp-block-buttons-is-layout-flex\">\n<div class=\"wp-block-button\"><a class=\"wp-block-button__link wp-element-button\" href=\"https:\/\/kik-kunstinderklinik.de\/?page_id=1669\">Kalender Archiv<\/a><\/div>\n<\/div>\n\n\n\n<p><\/p>\n","protected":false},"excerpt":{"rendered":"<p>Seit 2008 haben wir das Gl\u00fcck, mit Hilfe von Sponsoren jedes Jahr einen Kunst-Kalender mit unseren Bildern herausgeben zu k\u00f6nnen. Der Verkauf dieses Kalenders ist eine wichtige Einnahmequelle f\u00fcr uns. Mit dem Geld kaufen wir neues k\u00fcnstlerisches Material und finanzieren Museumsbesuche. Der Kalender ist f\u00fcr 10 Euro pro St\u00fcck zuz\u00fcglich [&hellip;]<\/p>\n","protected":false},"author":1,"featured_media":0,"parent":0,"menu_order":0,"comment_status":"closed","ping_status":"closed","template":"","meta":{"footnotes":""},"class_list":["post-481","page","type-page","status-publish","hentry"],"_links":{"self":[{"href":"https:\/\/kik-kunstinderklinik.de\/index.php?rest_route=\/wp\/v2\/pages\/481","targetHints":{"allow":["GET"]}}],"collection":[{"href":"https:\/\/kik-kunstinderklinik.de\/index.php?rest_route=\/wp\/v2\/pages"}],"about":[{"href":"https:\/\/kik-kunstinderklinik.de\/index.php?rest_route=\/wp\/v2\/types\/page"}],"author":[{"embeddable":true,"href":"https:\/\/kik-kunstinderklinik.de\/index.php?rest_route=\/wp\/v2\/users\/1"}],"replies":[{"embeddable":true,"href":"https:\/\/kik-kunstinderklinik.de\/index.php?rest_route=%2Fwp%2Fv2%2Fcomments&post=481"}],"version-history":[{"count":36,"href":"https:\/\/kik-kunstinderklinik.de\/index.php?rest_route=\/wp\/v2\/pages\/481\/revisions"}],"predecessor-version":[{"id":1863,"href":"https:\/\/kik-kunstinderklinik.de\/index.php?rest_route=\/wp\/v2\/pages\/481\/revisions\/1863"}],"wp:attachment":[{"href":"https:\/\/kik-kunstinderklinik.de\/index.php?rest_route=%2Fwp%2Fv2%2Fmedia&parent=481"}],"curies":[{"name":"wp","href":"https:\/\/api.w.org\/{rel}","templated":true}]}}