{"id":3,"date":"2020-01-03T18:28:13","date_gmt":"2020-01-03T17:28:13","guid":{"rendered":"http:\/\/www.kik-kunstinderklinik.de\/KIK\/?page_id=3"},"modified":"2025-07-11T08:24:32","modified_gmt":"2025-07-11T06:24:32","slug":"datenschutzerklaerung","status":"publish","type":"page","link":"https:\/\/kik-kunstinderklinik.de\/?page_id=3","title":{"rendered":"Datenschutzerkl\u00e4rung"},"content":{"rendered":"\n<p><strong>1. Name und Kontaktdaten des f\u00fcr die Verarbeitung Verantwortlichen <\/strong>   <\/p>\n\n\n\n<p>Diese Datenschutz-Information gilt f\u00fcr die Datenverarbeitung durch:   <\/p>\n\n\n\n<p>Verantwortlicher:   Sabine Sch\u00f6nleiter, Sozialp\u00e4d. Fachdienst Klinik Nord Ochsenzoll, Langenhorner    Chaussee 560, 22419 Hamburg, Tel. 181887 1773, FAX 181887 2767, <a href=\"mailto:s.schoenleiter@asklepios.com\">s.schoenleiter@asklepios.com<\/a>   <\/p>\n\n\n\n<p><strong>2. Erhebung und Speicherung personenbezogener Daten sowie Art und Zweck von deren Verwendung beim Besuch der Website<\/strong>  <\/p>\n\n\n\n<p>Beim Aufrufen der Website <a href=\"http:\/\/www.kik-kunstinderklinik.de\">www.kik-kunstinderklinik.de<\/a> werden durch den auf Ihrem Endger\u00e4t zum Einsatz kommenden Browser automatisch Informationen an den Server unserer Website gesendet. Diese Informationen werden tempor\u00e4r in einem sog. Logfile gespeichert. Folgende Informationen werden dabei ohne Ihr Zutun erfasst und bis zur automatisierten L\u00f6schung gespeichert:   <\/p>\n\n\n\n<p>IP-Adresse des anfragenden Rechners,   <\/p>\n\n\n\n<p>Datum und Uhrzeit des Zugriffs,   <\/p>\n\n\n\n<p>Name und URL der abgerufenen Datei,   <\/p>\n\n\n\n<p>Website, von der aus der Zugriff erfolgt (Referrer-URL),   <\/p>\n\n\n\n<p>verwendeter Browser und ggf. das Betriebssystem Ihres Rechners sowie der Name Ihres Access-   Providers.   <\/p>\n\n\n\n<p>Die genannten Daten werden durch uns zu folgenden Zwecken verarbeitet:   <\/p>\n\n\n\n<p>Gew\u00e4hrleistung eines reibungslosen Verbindungsaufbaus der Website,   <\/p>\n\n\n\n<p>Gew\u00e4hrleistung einer komfortablen Nutzung unserer Website,   <\/p>\n\n\n\n<p>Auswertung der Systemsicherheit und -stabilit\u00e4t sowie   <\/p>\n\n\n\n<p>zu weiteren administrativen Zwecken.   <\/p>\n\n\n\n<p>Die Rechtsgrundlage f\u00fcr die Datenverarbeitung ist Art. 6 Abs. 1 S. 1 lit. f DS-GVO. Unser berechtigtes Interesse folgt aus oben aufgelisteten Zwecken zur Datenerhebung. In keinem Fall verwenden wir die erhobenen Daten zu dem Zweck, R\u00fcckschl\u00fcsse auf Ihre Person zu ziehen.   <\/p>\n\n\n\n<p>Cookies, Analysedienste und Social Media Plug-ins (z. B. der sozialen Netzwerke Facebook, Twitter oder Instagram) setzt KIK Kunst in der Klinik nicht ein.   <\/p>\n\n\n\n<p><strong>3. Weitergabe von Daten <\/strong>  <\/p>\n\n\n\n<p>Eine \u00dcbermittlung Ihrer pers\u00f6nlichen Daten an Dritte zu anderen als den im Folgenden aufgef\u00fchrten Zwecken findet nicht statt. <\/p>\n\n\n\n<p>Wir geben Ihre pers\u00f6nlichen Daten nur an Dritte weiter, wenn: <\/p>\n\n\n\n<p>Sie Ihre nach Art. 6 Abs. 1 S. 1 lit. a DS-GVO ausdr\u00fcckliche Einwilligung dazu erteilt haben,   <\/p>\n\n\n\n<p>die Weitergabe nach Art. 6 Abs. 1 S. 1 lit. f DS-GVO zur Geltendmachung, Aus\u00fcbung oder Verteidigung von Rechtsanspr\u00fcchen erforderlich ist und kein Grund zur Annahme besteht, dass Sie ein \u00fcberwiegendes schutzw\u00fcrdiges Interesse an der Nichtweitergabe Ihrer Daten haben, <\/p>\n\n\n\n<p>f\u00fcr den Fall, dass f\u00fcr die Weitergabe nach Art. 6 Abs. 1 S. 1 lit. c DS-GVO eine gesetzliche Verpflichtung besteht, sowie <\/p>\n\n\n\n<p>dies gesetzlich zul\u00e4ssig und nach Art. 6 Abs. 1 S. 1 lit. b DS-GVO f\u00fcr die Abwicklung von Vertragsverh\u00e4ltnissen mit Ihnen erforderlich ist.   <\/p>\n\n\n\n<p><strong>4. Betroffenenrechte  <\/strong> <\/p>\n\n\n\n<p>Sie haben das Recht: <\/p>\n\n\n\n<p>gem\u00e4\u00df Art. 7 Abs. 3 DS-GVO Ihre einmal erteilte Einwilligung jederzeit gegen\u00fcber uns zu widerrufen. Dies hat zur Folge, dass wir die Datenverarbeitung, die auf dieser Einwilligung beruhte, f\u00fcr die Zukunft nicht mehr fortf\u00fchren d\u00fcrfen; <\/p>\n\n\n\n<p>gem\u00e4\u00df Art. 15 DS-GVO Auskunft \u00fcber Ihre von uns verarbeiteten personenbezogenen Daten zu verlangen. Insbesondere k\u00f6nnen Sie Auskunft \u00fcber die Verarbeitungszwecke, die Kategorie der personenbezogenen Daten, die Kategorien von Empf\u00e4ngern, gegen\u00fcber denen Ihre Daten offengelegt wurden oder werden, die geplante Speicherdauer, das Bestehen eines Rechts auf Berichtigung, L\u00f6schung, Einschr\u00e4nkung der Verarbeitung oder Widerspruch, das Bestehen eines Beschwerderechts, die Herkunft ihrer Daten, sofern diese nicht bei uns erhoben wurden, sowie \u00fcber das Bestehen einer automatisierten Entscheidungsfindung einschlie\u00dflich Profiling und ggf. aussagekr\u00e4ftigen Informationen zu deren Einzelheiten verlangen; <\/p>\n\n\n\n<p>gem\u00e4\u00df Art. 16 DS-GVO unverz\u00fcglich die Berichtigung unrichtiger oder Vervollst\u00e4ndigung Ihrer bei uns gespeicherten personenbezogenen Daten zu verlangen; <\/p>\n\n\n\n<p>gem\u00e4\u00df Art. 17 DS-GVO die L\u00f6schung Ihrer bei uns gespeicherten personenbezogenen Daten zu verlangen, soweit nicht die Verarbeitung erforderlich ist (1) zur Aus\u00fcbung des Rechts auf freie Meinungs\u00e4u\u00dferung und Information, (2) zur Erf\u00fcllung einer rechtlichen Verpflichtung, (3) aus Gr\u00fcnden des \u00f6ffentlichen Interesses oder zur Geltendmachung, Aus\u00fcbung oder Verteidigung von Rechtsanspr\u00fcchen erforderlich ist; <\/p>\n\n\n\n<p>gem\u00e4\u00df Art. 18 DS-GVO die Einschr\u00e4nkung der Verarbeitung Ihrer personenbezogenen Daten zu verlangen, soweit die Richtigkeit der Daten von Ihnen bestritten wird, die Verarbeitung unrechtm\u00e4\u00dfig ist, Sie aber deren L\u00f6schung ablehnen und wir die Daten nicht mehr ben\u00f6tigen, Sie jedoch diese zur Geltendmachung, Aus\u00fcbung oder Verteidigung von Rechtsanspr\u00fcchen ben\u00f6tigen oder Sie gem\u00e4\u00df Art. 21 DSGVO Widerspruch gegen die Verarbeitung eingelegt haben; <\/p>\n\n\n\n<p>gem\u00e4\u00df Art. 20 DS-GVO Ihre personenbezogenen Daten, die Sie uns bereitgestellt haben, in einem strukturierten, g\u00e4ngigen und maschinenlesebaren Format zu erhalten oder die \u00dcbermittlung an einen anderen Verantwortlichen zu verlangen; <\/p>\n\n\n\n<p>gem\u00e4\u00df Art. 21 DS-GVO Widerspruch gegen die Verarbeitung Ihrer personenbezogenen Daten einzulegen, soweit daf\u00fcr Gr\u00fcnde vorliegen, die sich aus Ihrer besonderen Situation ergeben und <\/p>\n\n\n\n<p>gem\u00e4\u00df Art. 77 DS-GVO sich bei einer Aufsichtsbeh\u00f6rde zu beschweren. In der Regel k\u00f6nnen Sie sich hierf\u00fcr an die Aufsichtsbeh\u00f6rde Ihres \u00fcblichen Aufenthaltsortes oder Arbeitsplatzes oder unseres Kanzleisitzes wenden. Die f\u00fcr uns zust\u00e4ndige Datenschutzbeh\u00f6rde ist:     <\/p>\n\n\n\n<p>Hamburgischer Beauftragter f\u00fcr Datenschutz und Informationsfreiheit (HmbBfDI), Kurt-Schumacher-Allee 4, 20097 Hamburg, im 6. Obergeschoss   <\/p>\n\n\n\n<p><strong>5. Widerspruchsrecht <\/strong>  <\/p>\n\n\n\n<p>Sofern Ihre personenbezogenen Daten auf Grundlage von berechtigten Interessen gem\u00e4\u00df Art. 6 Abs. 1    S. 1 lit. f DS-GVO verarbeitet werden, haben Sie das Recht, gem\u00e4\u00df Art. 21 DS-GVO Widerspruch gegen die Verarbeitung Ihrer personenbezogenen Daten einzulegen, soweit daf\u00fcr Gr\u00fcnde vorliegen, die sich aus Ihrer besonderen Situation ergeben oder sich der Widerspruch gegen Direktwerbung richtet. Im letzteren Fall haben Sie ein generelles Widerspruchsrecht, das ohne Angabe einer besonderen Situation von uns umgesetzt wird. <\/p>\n\n\n\n<p>M\u00f6chten Sie von Ihrem Widerrufs- oder Widerspruchsrecht Gebrauch machen, k\u00f6nnen Sie per E-Mail Kontakt aufnehmen: <a href=\"mailto:s.schoenleiter@asklepos.com\">s.schoenleiter@asklepios.com<\/a>   <\/p>\n\n\n\n<p><strong>6. Datensicherheit<\/strong>   <\/p>\n\n\n\n<p>Wir bedienen uns geeigneter technischer und organisatorischer Sicherheitsma\u00dfnahmen, um Ihre Daten gegen zuf\u00e4llige oder vors\u00e4tzliche Manipulationen, teilweisen oder vollst\u00e4ndigen Verlust, Zerst\u00f6rung oder gegen den unbefugten Zugriff Dritter zu sch\u00fctzen.    <\/p>\n\n\n\n<p><strong>7. Aktualit\u00e4t und \u00c4nderung dieser Datenschutzerkl\u00e4rung <\/strong>  <\/p>\n\n\n\n<p>Diese Datenschutzerkl\u00e4rung ist aktuell g\u00fcltig und hat den Stand Mai 2018. <\/p>\n\n\n\n<p>Durch die Weiterentwicklung unserer Website und Angebote dar\u00fcber oder aufgrund ge\u00e4nderter  gesetzlicher beziehungsweise beh\u00f6rdlicher Vorgaben kann es notwendig werden, diese Datenschutzerkl\u00e4rung zu \u00e4ndern. Die jeweils aktuelle Datenschutzerkl\u00e4rung kann jederzeit auf der Website unter www.kik-kunstinderklinik\/datenschutz von Ihnen abgerufen und ausgedruckt werden. <\/p>\n\n\n\n<p><\/p>\n","protected":false},"excerpt":{"rendered":"<p>1. Name und Kontaktdaten des f\u00fcr die Verarbeitung Verantwortlichen Diese Datenschutz-Information gilt f\u00fcr die Datenverarbeitung durch: Verantwortlicher: Sabine Sch\u00f6nleiter, Sozialp\u00e4d. Fachdienst Klinik Nord Ochsenzoll, Langenhorner Chaussee 560, 22419 Hamburg, Tel. 181887 1773, FAX 181887 2767, s.schoenleiter@asklepios.com 2. Erhebung und Speicherung personenbezogener Daten sowie Art und Zweck von deren Verwendung beim [&hellip;]<\/p>\n","protected":false},"author":1,"featured_media":0,"parent":0,"menu_order":8,"comment_status":"closed","ping_status":"closed","template":"","meta":{"footnotes":""},"class_list":["post-3","page","type-page","status-publish","hentry"],"_links":{"self":[{"href":"https:\/\/kik-kunstinderklinik.de\/index.php?rest_route=\/wp\/v2\/pages\/3","targetHints":{"allow":["GET"]}}],"collection":[{"href":"https:\/\/kik-kunstinderklinik.de\/index.php?rest_route=\/wp\/v2\/pages"}],"about":[{"href":"https:\/\/kik-kunstinderklinik.de\/index.php?rest_route=\/wp\/v2\/types\/page"}],"author":[{"embeddable":true,"href":"https:\/\/kik-kunstinderklinik.de\/index.php?rest_route=\/wp\/v2\/users\/1"}],"replies":[{"embeddable":true,"href":"https:\/\/kik-kunstinderklinik.de\/index.php?rest_route=%2Fwp%2Fv2%2Fcomments&post=3"}],"version-history":[{"count":2,"href":"https:\/\/kik-kunstinderklinik.de\/index.php?rest_route=\/wp\/v2\/pages\/3\/revisions"}],"predecessor-version":[{"id":658,"href":"https:\/\/kik-kunstinderklinik.de\/index.php?rest_route=\/wp\/v2\/pages\/3\/revisions\/658"}],"wp:attachment":[{"href":"https:\/\/kik-kunstinderklinik.de\/index.php?rest_route=%2Fwp%2Fv2%2Fmedia&parent=3"}],"curies":[{"name":"wp","href":"https:\/\/api.w.org\/{rel}","templated":true}]}}