{"id":1990,"date":"2026-03-13T06:16:53","date_gmt":"2026-03-13T05:16:53","guid":{"rendered":"https:\/\/kik-kunstinderklinik.de\/?page_id=1990"},"modified":"2026-03-13T06:32:28","modified_gmt":"2026-03-13T05:32:28","slug":"mitglied-werden","status":"publish","type":"page","link":"https:\/\/kik-kunstinderklinik.de\/?page_id=1990","title":{"rendered":"Mitglied werden"},"content":{"rendered":"\n<p>Neue Mitglieder sind herzlich willkommen, allerdings f\u00fchren wir derzeit eine Warteliste. <br><br>Voraussetzung ist eine Psychiatrie-Erfahrung und die Bereitschaft zum Austausch und zur Mitarbeit, soweit die Krankheit es zul\u00e4sst. Wir sind ungef\u00e4hr 25 Menschen unterschiedlichen Alters, Geschlechts, Nationalit\u00e4t und mit unterschiedlichen psychischen Erkrankungen. <br><br>Wir treffen uns einmal w\u00f6chentlich f\u00fcr zwei Stunden um k\u00fcnstlerisch zu arbeiten, Organisatorisches zu besprechen, zum Kaffee trinken und Kl\u00f6nen. In unseren Arbeitsr\u00e4umen versuchen wir, feste Arbeitspl\u00e4tze f\u00fcr alle K\u00fcnstler zu erm\u00f6glichen. Die Mitglieder k\u00f6nnen diese Arbeitspl\u00e4tze auch au\u00dferhalb unserer Treffen jederzeit nutzen.<\/p>\n\n\n\n<hr class=\"wp-block-separator has-alpha-channel-opacity\"\/>\n\n\n\n<h3 class=\"wp-block-heading\">Warteliste<\/h3>\n\n\n\n<p>Aktuell ist unsere Warteliste voll. Neue Anfragen k\u00f6nnen wir daher nicht aufnehmen.<br><strong><br><\/strong>Aus Erfahrung m\u00fcssen wir sagen, dass es eher mehrere Jahre dauern wird, bis neue Interessierte einen Platz erhalten k\u00f6nnen.<\/p>\n\n\n\n<hr class=\"wp-block-separator has-alpha-channel-opacity\"\/>\n\n\n\n<p><\/p>\n","protected":false},"excerpt":{"rendered":"<p>Neue Mitglieder sind herzlich willkommen, allerdings f\u00fchren wir derzeit eine Warteliste. Voraussetzung ist eine Psychiatrie-Erfahrung und die Bereitschaft zum Austausch und zur Mitarbeit, soweit die Krankheit es zul\u00e4sst. Wir sind ungef\u00e4hr 25 Menschen unterschiedlichen Alters, Geschlechts, Nationalit\u00e4t und mit unterschiedlichen psychischen Erkrankungen. Wir treffen uns einmal w\u00f6chentlich f\u00fcr zwei Stunden [&hellip;]<\/p>\n","protected":false},"author":2,"featured_media":0,"parent":0,"menu_order":0,"comment_status":"closed","ping_status":"closed","template":"","meta":{"footnotes":""},"class_list":["post-1990","page","type-page","status-publish","hentry"],"_links":{"self":[{"href":"https:\/\/kik-kunstinderklinik.de\/index.php?rest_route=\/wp\/v2\/pages\/1990","targetHints":{"allow":["GET"]}}],"collection":[{"href":"https:\/\/kik-kunstinderklinik.de\/index.php?rest_route=\/wp\/v2\/pages"}],"about":[{"href":"https:\/\/kik-kunstinderklinik.de\/index.php?rest_route=\/wp\/v2\/types\/page"}],"author":[{"embeddable":true,"href":"https:\/\/kik-kunstinderklinik.de\/index.php?rest_route=\/wp\/v2\/users\/2"}],"replies":[{"embeddable":true,"href":"https:\/\/kik-kunstinderklinik.de\/index.php?rest_route=%2Fwp%2Fv2%2Fcomments&post=1990"}],"version-history":[{"count":4,"href":"https:\/\/kik-kunstinderklinik.de\/index.php?rest_route=\/wp\/v2\/pages\/1990\/revisions"}],"predecessor-version":[{"id":1998,"href":"https:\/\/kik-kunstinderklinik.de\/index.php?rest_route=\/wp\/v2\/pages\/1990\/revisions\/1998"}],"wp:attachment":[{"href":"https:\/\/kik-kunstinderklinik.de\/index.php?rest_route=%2Fwp%2Fv2%2Fmedia&parent=1990"}],"curies":[{"name":"wp","href":"https:\/\/api.w.org\/{rel}","templated":true}]}}